{"id":1000449,"date":"2026-04-28T03:05:00","date_gmt":"2026-04-28T03:05:00","guid":{"rendered":"https:\/\/beautyboutique.ee\/product\/resurface-oxban-anti-aging-cream\/"},"modified":"2026-05-11T15:25:01","modified_gmt":"2026-05-11T15:25:01","slug":"resurface-oxban-anti-aging-cream","status":"publish","type":"product","link":"https:\/\/beautyboutique.ee\/et\/resurface-oxban-anti-aging-cream\/","title":{"rendered":"RESURFACE OXBAN CREAM Vananemisvastane n\u00e4okreem"},"content":{"rendered":"<h5>S\u00fcgav taastumine ja antioks\u00fcdantne kaitse noorusliku naha heaks<\/h5>\n<div>\n<p>Igap\u00e4evane kokkupuude UV-kiirte ja reostusega v\u00f5ib nahka n\u00e4htavalt kahjustada. CANOVA RESURFACE OXBAN CREAM pakub intelligentset lahendust \u2013 kerge n\u00e4oseerumist inspireeritud kreem, mis on t\u00e4is v\u00f5imsaid antioks\u00fcdante, et p\u00f6\u00f6rata tagasi vananemise varajaste m\u00e4rkide ilmnemine. See intensiivse nahahoolduse tagamiseks loodud koostis toidab s\u00fcgavuti, aidates samal ajal nahal taastada oma pringuse, s\u00e4ra ja noorusliku tekstuuri. Ideaalne k\u00f5igile, kes soovivad tegeleda h\u00fcperpigmentatsiooni, kuivuse ja varajaste kortsudega, tugevdades samal ajal naha loomulikku kaitsev\u00f5imet.<\/p>\n<div>\n<div>\n<p>Peamised eelised<\/p>\n<ul class=\"bb-bullet-list\">\n<li><img decoding=\"async\" style=\"width: 14px; height: 14px; margin-right: 8px; margin-top: 3px;\" src=\"https:\/\/beautyboutique.ee\/wp-content\/uploads\/2026\/04\/bullet.svg\" alt=\"\" \/> Taastab ja kaitseb \u2014 Tugevdab naha loomulikku kaitsekihti ja taastab elastse ja elastse tunde.<\/li>\n<li><img decoding=\"async\" style=\"width: 14px; height: 14px; margin-right: 8px; margin-top: 3px;\" src=\"https:\/\/beautyboutique.ee\/wp-content\/uploads\/2026\/04\/bullet.svg\" alt=\"\" \/> Kaitseb vananemise vallandajate eest \u2014 kaitseb UV-kiirguse, reostuse ja keskkonnastressi eest<\/li>\n<li><img decoding=\"async\" style=\"width: 14px; height: 14px; margin-right: 8px; margin-top: 3px;\" src=\"https:\/\/beautyboutique.ee\/wp-content\/uploads\/2026\/04\/bullet.svg\" alt=\"\" \/> Korrigeerib eba\u00fchtlast tooni \u2013 heledab n\u00e4htavalt tumedaid laike ja soodustab selget, \u00fchtlast jumet<\/li>\n<li><img decoding=\"async\" style=\"width: 14px; height: 14px; margin-right: 8px; margin-top: 3px;\" src=\"https:\/\/beautyboutique.ee\/wp-content\/uploads\/2026\/04\/bullet.svg\" alt=\"\" \/> Niisutab s\u00fcgavuti \u2014 Parandab naha pehmust, elastsust ja siledust<\/li>\n<li><img decoding=\"async\" style=\"width: 14px; height: 14px; margin-right: 8px; margin-top: 3px;\" src=\"https:\/\/beautyboutique.ee\/wp-content\/uploads\/2026\/04\/bullet.svg\" alt=\"\" \/> V\u00e4hendab kortse ja peeneid jooni \u2014 T\u00e4iustab tekstuuri ja elustab v\u00e4sinud nahka<\/li>\n<\/ul>\n<div>\n<p>Peamised koostisosad ja nende funktsioonid<\/p>\n<ul class=\"bb-bullet-list\">\n<li><img decoding=\"async\" style=\"width: 14px; height: 14px; margin-right: 8px; margin-top: 3px;\" src=\"https:\/\/beautyboutique.ee\/wp-content\/uploads\/2026\/04\/bullet.svg\" alt=\"\" \/> Resvox\u00ae kompleks (4%) \u2013 \u00fchendab kapseldatud resveratrooli (2%) E-vitamiiniga, et pakkuda pikaajalist antioks\u00fcdantset kaitset.<\/li>\n<li><img decoding=\"async\" style=\"width: 14px; height: 14px; margin-right: 8px; margin-top: 3px;\" src=\"https:\/\/beautyboutique.ee\/wp-content\/uploads\/2026\/04\/bullet.svg\" alt=\"\" \/> Gl\u00fckooseerumisvastased koostisosad \u2013 aitavad ennetada kollageeni ja elastiini lagunemist, mida p\u00f5hjustab gl\u00fckatsioon naha vananemise ajal<\/li>\n<li><img decoding=\"async\" style=\"width: 14px; height: 14px; margin-right: 8px; margin-top: 3px;\" src=\"https:\/\/beautyboutique.ee\/wp-content\/uploads\/2026\/04\/bullet.svg\" alt=\"\" \/> Ristseotud + k\u00f5rge molekulmassiga h\u00fcaluroonhape \u2013 silub peeneid jooni ja tagab s\u00fcgava, p\u00fcsiva niisutuse<\/li>\n<li><\/li>\n<li><\/li>\n<li><\/li>\n<\/ul>\n<h5>Kuidas kasutada<\/h5>\n<ul class=\"bb-bullet-list\">\n<li><img decoding=\"async\" style=\"width: 14px; height: 14px; margin-right: 8px; margin-top: 3px;\" src=\"https:\/\/beautyboutique.ee\/wp-content\/uploads\/2026\/04\/bullet.svg\" alt=\"\" \/> Alusta puhta ja kuiva nahaga<\/li>\n<li><img decoding=\"async\" style=\"width: 14px; height: 14px; margin-right: 8px; margin-top: 3px;\" src=\"https:\/\/beautyboutique.ee\/wp-content\/uploads\/2026\/04\/bullet.svg\" alt=\"\" \/> Kandke v\u00e4ike kogus n\u00e4ole, kaelale ja dekolteele<\/li>\n<li><img decoding=\"async\" style=\"width: 14px; height: 14px; margin-right: 8px; margin-top: 3px;\" src=\"https:\/\/beautyboutique.ee\/wp-content\/uploads\/2026\/04\/bullet.svg\" alt=\"\" \/> Kasutage igal hommikul ja \u00f5htul kumulatiivse kasu saamiseks<\/li>\n<li><img decoding=\"async\" style=\"width: 14px; height: 14px; margin-right: 8px; margin-top: 3px;\" src=\"https:\/\/beautyboutique.ee\/wp-content\/uploads\/2026\/04\/bullet.svg\" alt=\"\" \/> P\u00e4eva jooksul kasutage t\u00e4ieliku kaitse s\u00e4ilitamiseks SPF 50 p\u00e4ikesekaitsekreemi.<\/li>\n<\/ul>\n<h5>K\u00f5ik koostisosad (INCI)<\/h5>\n<p>VESI, GL\u00dcTSER\u00dc\u00dcLSTEARAAT TSITRAAT, DIMETIKOON, TSET\u00dc\u00dcLALKOHOL, C12-15 ALK\u00dc\u00dcLBENSOAAT, BUTYROSPERMUM PARKII V\u00d5I, TOKOFER\u00dc\u00dcLATSETAAT, GL\u00dcTSERIIN, ABYSSINICA KRAMBE SEEMNE\u00d5LI, PROP\u00dcLEENGL\u00dcKOOL, RESVERATROOLI, POL\u00dcSILIKOONI-11, H\u00dcDROKS\u00dcATSETOFENOON, MALTODEKSTRIIN, PARF\u00dc\u00dcM, DINAATRIUMKOKOGL\u00dcKOSIIDTARTRAAT, VALGE VAHA, ET\u00dc\u00dcLHEKS\u00dc\u00dcLSTEARAAT, POL\u00dcAKR\u00dcLAADI RISTPOL\u00dcMEER-6, OLEI\u00dcLALKOHOL, NAATRIUMH\u00dcALURONAAT, BUTYROSPERMUM PARKII V\u00d5IEKSTRAKT, GL\u00dcTSER\u00dc\u00dcLLAURAAT, KAALIUMFOSFAAT, DINAATRIUMFOSFAAT, TAMARINDUS PARKII SEEMNE POL\u00dcSAHHARIID, ORIGANUM MAJORANA LEHE EKSTRAKT, ZANTHOXYLUM BUNGEANUM VILJA EKSTRAKT, LETSITIIN, DEKARBOKS\u00dcKARNOSIINH\u00dcDROKS\u00dcSTEARAT\/POL\u00dcH\u00dcDROKS\u00dcSTEARAT\/SEBATSAAAT, NAATRIUMH\u00dcALURONAADI RISTPOL\u00dcMEER, NAATRIUMISOSTEARAT, FENOKS\u00dcETANOOL, KAALIUMSORBAAT, BIOSAHHARIIDKUMM-4.<\/p>\n<\/div>\n<\/div>\n<\/div>\n<\/div>","protected":false},"excerpt":{"rendered":"<p>RESURFACE OXBAN CREAM on t\u00e4iustatud vananemisvastane n\u00e4okreem, mis on spetsiaalselt v\u00e4lja t\u00f6\u00f6tatud k\u00fcpsele ja kuivale nahale. See sisaldab Resvox\u00ae Complex 4%-d, mis \u00fchendab endas 2% puhtat kapseldatud resveratrooli ja 2% stabiliseeritud E-vitamiini, et kaitsta nahka oks\u00fcdatiivse stressi ja vabade radikaalide kahjustuste eest. Kreem aitab taastada naha h\u00fcdrolipiidbarj\u00e4\u00e4ri, parandab naha elastsust ja v\u00e4hendab n\u00e4htavalt kortse. Selle gl\u00fckatsiooni vastased toimeained ennetavad naha vananemisega seotud kollageeni ja elastiini lagunemist. Kaks h\u00fcaluroonhappe vormi (ristseotud ja k\u00f5rge molekulmassiga) tagavad s\u00fcgava niisutuse ja siluva toime. Kliiniliselt testitud. L\u00f5hnavaba ja parabeenivaba.<\/p>","protected":false},"featured_media":1000693,"template":"","meta":[],"product_brand":[123],"product_cat":[83,65,40,77,71],"product_tag":[],"class_list":{"0":"post-1000449","1":"product","2":"type-product","3":"status-publish","4":"has-post-thumbnail","6":"product_brand-canova","7":"product_cat-anti-age","8":"product_cat-daily-care","9":"product_cat-dermocosmetics","10":"product_cat-sale","11":"product_cat-skin-aging","13":"first","14":"instock","15":"sale","16":"taxable","17":"shipping-taxable","18":"purchasable","19":"product-type-simple"},"_links":{"self":[{"href":"https:\/\/beautyboutique.ee\/et\/wp-json\/wp\/v2\/product\/1000449","targetHints":{"allow":["GET"]}}],"collection":[{"href":"https:\/\/beautyboutique.ee\/et\/wp-json\/wp\/v2\/product"}],"about":[{"href":"https:\/\/beautyboutique.ee\/et\/wp-json\/wp\/v2\/types\/product"}],"wp:featuredmedia":[{"embeddable":true,"href":"https:\/\/beautyboutique.ee\/et\/wp-json\/wp\/v2\/media\/1000693"}],"wp:attachment":[{"href":"https:\/\/beautyboutique.ee\/et\/wp-json\/wp\/v2\/media?parent=1000449"}],"wp:term":[{"taxonomy":"product_brand","embeddable":true,"href":"https:\/\/beautyboutique.ee\/et\/wp-json\/wp\/v2\/product_brand?post=1000449"},{"taxonomy":"product_cat","embeddable":true,"href":"https:\/\/beautyboutique.ee\/et\/wp-json\/wp\/v2\/product_cat?post=1000449"},{"taxonomy":"product_tag","embeddable":true,"href":"https:\/\/beautyboutique.ee\/et\/wp-json\/wp\/v2\/product_tag?post=1000449"}],"curies":[{"name":"t\u00f6\u00f6leht","href":"https:\/\/api.w.org\/{rel}","templated":true}]}}