{"id":1000446,"date":"2026-04-28T03:04:51","date_gmt":"2026-04-28T03:04:51","guid":{"rendered":"https:\/\/beautyboutique.ee\/product\/resurface-c15-serum\/"},"modified":"2026-05-11T15:25:00","modified_gmt":"2026-05-11T15:25:00","slug":"resurface-c15-serum","status":"publish","type":"product","link":"https:\/\/beautyboutique.ee\/et\/resurface-c15-serum\/","title":{"rendered":"RESURFACE C15 Seerum"},"content":{"rendered":"<h5>S\u00e4ra, tugevus ja nooruslik energia teie nahale<\/h5>\n<p>RESURFACE C15 SEERUM, mis on rikastatud stabiliseeritud C-vitamiiniga 15%. See uuenduslik seerum on loodud selleks, et muuta nahk v\u00e4rskemaks, pringim ja s\u00e4ravamaks, pakkudes samal ajal igap\u00e4evast kaitset keskkonnakahjustuste eest. Astu nahahoolduskogemusse, mis annab sinu nahale uue ilme ja tunde.<\/p>\n<h5>Peamised toimeained ja nende eelised<\/h5>\n<ul class=\"bb-bullet-list\">\n<li><img decoding=\"async\" style=\"width: 14px; height: 14px; margin-right: 8px; margin-top: 3px;\" src=\"https:\/\/beautyboutique.ee\/wp-content\/uploads\/2026\/04\/bullet.svg\" alt=\"\" \/> Stabiliseeritud C-vitamiin (15%) \u2013 Heledab nahka, ennetab fotovananemist, neutraliseerib vabu radikaale ja ergutab kollageeni tootmist.<\/li>\n<li><img decoding=\"async\" style=\"width: 14px; height: 14px; margin-right: 8px; margin-top: 3px;\" src=\"https:\/\/beautyboutique.ee\/wp-content\/uploads\/2026\/04\/bullet.svg\" alt=\"\" \/> F\u00fctiinhape (1%) \u2013 koorib \u00f5rnalt ja annab nahale s\u00e4ra.<\/li>\n<li><img decoding=\"async\" style=\"width: 14px; height: 14px; margin-right: 8px; margin-top: 3px;\" src=\"https:\/\/beautyboutique.ee\/wp-content\/uploads\/2026\/04\/bullet.svg\" alt=\"\" \/> Karnosiin \u2013 kaitseb gl\u00fckoosi eest ja aitab parandada olemasolevaid kahjustusi<\/li>\n<li><img decoding=\"async\" style=\"width: 14px; height: 14px; margin-right: 8px; margin-top: 3px;\" src=\"https:\/\/beautyboutique.ee\/wp-content\/uploads\/2026\/04\/bullet.svg\" alt=\"\" \/> Lipohape \u2013 antioks\u00fcdant, mis toetab naha \u00fcldist kaitset<\/li>\n<li><img decoding=\"async\" style=\"width: 14px; height: 14px; margin-right: 8px; margin-top: 3px;\" src=\"https:\/\/beautyboutique.ee\/wp-content\/uploads\/2026\/04\/bullet.svg\" alt=\"\" \/> Trehaloos \u2013 niisutab s\u00fcgavuti ja s\u00e4ilitab niiskustasakaalu<\/li>\n<\/ul>\n<p>Peamised eelised<\/p>\n<ul class=\"bb-bullet-list\">\n<li><img decoding=\"async\" style=\"width: 14px; height: 14px; margin-right: 8px; margin-top: 3px;\" src=\"https:\/\/beautyboutique.ee\/wp-content\/uploads\/2026\/04\/bullet.svg\" alt=\"\" \/> N\u00e4htavalt s\u00e4ravam jume \u2014 v\u00e4hendab loomulikult tuhmust ja eba\u00fchtlaseid laike<\/li>\n<li><img decoding=\"async\" style=\"width: 14px; height: 14px; margin-right: 8px; margin-top: 3px;\" src=\"https:\/\/beautyboutique.ee\/wp-content\/uploads\/2026\/04\/bullet.svg\" alt=\"\" \/> Suurem prinkus \u2014 Peened jooned ja varased kortsud tunduvad pehmemad ja v\u00e4hem defineeritud<\/li>\n<li><img decoding=\"async\" style=\"width: 14px; height: 14px; margin-right: 8px; margin-top: 3px;\" src=\"https:\/\/beautyboutique.ee\/wp-content\/uploads\/2026\/04\/bullet.svg\" alt=\"\" \/> Niisutus, mis kestab kaua \u2013 nahk p\u00fcsib m\u00f5nusalt niisutatud, ei ole kunagi pingul ega ketendav<\/li>\n<li><img decoding=\"async\" style=\"width: 14px; height: 14px; margin-right: 8px; margin-top: 3px;\" src=\"https:\/\/beautyboutique.ee\/wp-content\/uploads\/2026\/04\/bullet.svg\" alt=\"\" \/> Igap\u00e4evane keskkonnakaitse \u2013 antioks\u00fcdandid aitavad nahal vastu seista reostusele ja linna stressiteguritele<\/li>\n<li><img decoding=\"async\" style=\"width: 14px; height: 14px; margin-right: 8px; margin-top: 3px;\" src=\"https:\/\/beautyboutique.ee\/wp-content\/uploads\/2026\/04\/bullet.svg\" alt=\"\" \/> Siidine ja kerge tunne \u2014 Ei mingit kleepuvat viimistlust ega rasket kilet \u2014 lihtsalt puhas kerge v\u00e4rskus<\/li>\n<\/ul>\n<h5>Kuidas kasutada<\/h5>\n<ul class=\"bb-bullet-list\">\n<li><img decoding=\"async\" style=\"width: 14px; height: 14px; margin-right: 8px; margin-top: 3px;\" src=\"https:\/\/beautyboutique.ee\/wp-content\/uploads\/2026\/04\/bullet.svg\" alt=\"\" \/> Puhasta \u00f5rnalt ja patsuta n\u00e4gu kuivaks<\/li>\n<li><img decoding=\"async\" style=\"width: 14px; height: 14px; margin-right: 8px; margin-top: 3px;\" src=\"https:\/\/beautyboutique.ee\/wp-content\/uploads\/2026\/04\/bullet.svg\" alt=\"\" \/> Kanna 3\u20134 tilka n\u00e4ole, kaelale ja rinnale, v\u00e4ltides silma\u00fcmbrust.<\/li>\n<li><img decoding=\"async\" style=\"width: 14px; height: 14px; margin-right: 8px; margin-top: 3px;\" src=\"https:\/\/beautyboutique.ee\/wp-content\/uploads\/2026\/04\/bullet.svg\" alt=\"\" \/> Silu \u00f5rnalt sisse, kuni imendub, keskendudes \u00fclespoole suunatud liigutustele<\/li>\n<li><img decoding=\"async\" style=\"width: 14px; height: 14px; margin-right: 8px; margin-top: 3px;\" src=\"https:\/\/beautyboutique.ee\/wp-content\/uploads\/2026\/04\/bullet.svg\" alt=\"\" \/> Parima tulemuse saavutamiseks korrake igal hommikul ja \u00f5htul<\/li>\n<li><img decoding=\"async\" style=\"width: 14px; height: 14px; margin-right: 8px; margin-top: 3px;\" src=\"https:\/\/beautyboutique.ee\/wp-content\/uploads\/2026\/04\/bullet.svg\" alt=\"\" \/> Seej\u00e4rel kandke p\u00e4eva jooksul alati peale k\u00f5rge SPF 50 p\u00e4ikesekaitsekreemi<\/li>\n<\/ul>\n<h5>K\u00f5ik koostisosad (INCI)<\/h5>\n<p>VESI, NAATRIUMASKORB\u00dc\u00dcLFOSFAAT, ASKORB\u00dc\u00dcLGL\u00dcKOSIID, PENT\u00dcLEENGL\u00dcKOOL, PROP\u00dcLEENGL\u00dcKOOL, PEG-7-GL\u00dcTSER\u00dc\u00dcLKOKOAAT, F\u00dc\u00dcTHAPE, TREHALOOS, KARNOSIIN, TIOKTHAPE, KSANTAANKUMM, PARF\u00dc\u00dcM<\/p>","protected":false},"excerpt":{"rendered":"<p>RESURFACE C15 SERUM on uuenduslik nahka heledamaks muutev ja vananemisvastane seerum, mis sisaldab 15%-stabiliseeritud C-vitamiini ning on rikastatud f\u00fctiinhappe, karnoosiini ja lipoehappega. See aitab \u00fchtlustada nahatooni, heledamaks muuta tumedaid laike ja soodustada kollageeni s\u00fcnteesi, kaitstes samal ajal vabade radikaalide ja p\u00e4ikesest tingitud vananemise eest. Sobib ideaalselt tuhmale, eba\u00fchtlasele, k\u00fcpsele v\u00f5i tundlikule nahale. Kliiniliselt testitud. L\u00f5hnavaba ja parabeenivaba.<\/p>","protected":false},"featured_media":1000691,"template":"","meta":[],"product_brand":[123],"product_cat":[65,40,69,77,71],"product_tag":[90],"class_list":{"0":"post-1000446","1":"product","2":"type-product","3":"status-publish","4":"has-post-thumbnail","6":"product_brand-canova","7":"product_cat-daily-care","8":"product_cat-dermocosmetics","9":"product_cat-hyperpigmentation","10":"product_cat-sale","11":"product_cat-skin-aging","12":"product_tag-face-cream","14":"first","15":"instock","16":"sale","17":"taxable","18":"shipping-taxable","19":"purchasable","20":"product-type-simple"},"_links":{"self":[{"href":"https:\/\/beautyboutique.ee\/et\/wp-json\/wp\/v2\/product\/1000446","targetHints":{"allow":["GET"]}}],"collection":[{"href":"https:\/\/beautyboutique.ee\/et\/wp-json\/wp\/v2\/product"}],"about":[{"href":"https:\/\/beautyboutique.ee\/et\/wp-json\/wp\/v2\/types\/product"}],"wp:featuredmedia":[{"embeddable":true,"href":"https:\/\/beautyboutique.ee\/et\/wp-json\/wp\/v2\/media\/1000691"}],"wp:attachment":[{"href":"https:\/\/beautyboutique.ee\/et\/wp-json\/wp\/v2\/media?parent=1000446"}],"wp:term":[{"taxonomy":"product_brand","embeddable":true,"href":"https:\/\/beautyboutique.ee\/et\/wp-json\/wp\/v2\/product_brand?post=1000446"},{"taxonomy":"product_cat","embeddable":true,"href":"https:\/\/beautyboutique.ee\/et\/wp-json\/wp\/v2\/product_cat?post=1000446"},{"taxonomy":"product_tag","embeddable":true,"href":"https:\/\/beautyboutique.ee\/et\/wp-json\/wp\/v2\/product_tag?post=1000446"}],"curies":[{"name":"wp","href":"https:\/\/api.w.org\/{rel}","templated":true}]}}