{"id":1000406,"date":"2026-04-28T03:02:05","date_gmt":"2026-04-28T03:02:05","guid":{"rendered":"https:\/\/beautyboutique.ee\/product\/aloezinc-soothing-spray\/"},"modified":"2026-05-06T14:00:59","modified_gmt":"2026-05-06T14:00:59","slug":"aloezinc-soothing-spray","status":"publish","type":"product","link":"https:\/\/beautyboutique.ee\/et\/product\/aloezinc-soothing-spray\/","title":{"rendered":"ALOEZINC Rahustav sprei"},"content":{"rendered":"<h5>Soothe and Protection for Sensitive and Irritated Skin<\/h5>\n<p>ALOEZINC is a light and effective spray designed to quickly soothe and protect sensitive skin prone to irritation, redness, and damage. It is ideal for the care of atopic and contact dermatitis, as well as irritation and diaper rash.<\/p>\n<h5>Kasu<\/h5>\n<ul class=\"bb-bullet-list\">\n<li><img decoding=\"async\" style=\"width: 14px; height: 14px; margin-right: 8px; margin-top: 3px;\" src=\"https:\/\/beautyboutique.ee\/wp-content\/uploads\/2026\/04\/bullet.svg\" alt=\"\" \/> Protects very sensitive skin, preventing redness<\/li>\n<li><img decoding=\"async\" style=\"width: 14px; height: 14px; margin-right: 8px; margin-top: 3px;\" src=\"https:\/\/beautyboutique.ee\/wp-content\/uploads\/2026\/04\/bullet.svg\" alt=\"\" \/> Soothes existing irritation<\/li>\n<li><img decoding=\"async\" style=\"width: 14px; height: 14px; margin-right: 8px; margin-top: 3px;\" src=\"https:\/\/beautyboutique.ee\/wp-content\/uploads\/2026\/04\/bullet.svg\" alt=\"\" \/> Lightweight texture, fast absorbing<\/li>\n<li><img decoding=\"async\" style=\"width: 14px; height: 14px; margin-right: 8px; margin-top: 3px;\" src=\"https:\/\/beautyboutique.ee\/wp-content\/uploads\/2026\/04\/bullet.svg\" alt=\"\" \/> Convenient spray allows direct application without rubbing<\/li>\n<li><img decoding=\"async\" style=\"width: 14px; height: 14px; margin-right: 8px; margin-top: 3px;\" src=\"https:\/\/beautyboutique.ee\/wp-content\/uploads\/2026\/04\/bullet.svg\" alt=\"\" \/> Very high tolerability<\/li>\n<\/ul>\n<h5>Peamised toimeained ja nende eelised<\/h5>\n<ul class=\"bb-bullet-list\">\n<li><img decoding=\"async\" style=\"width: 14px; height: 14px; margin-right: 8px; margin-top: 3px;\" src=\"https:\/\/beautyboutique.ee\/wp-content\/uploads\/2026\/04\/bullet.svg\" alt=\"\" \/> Zinc oxide 10% \u2014 in microparticles restores and protects the skin<\/li>\n<li><img decoding=\"async\" style=\"width: 14px; height: 14px; margin-right: 8px; margin-top: 3px;\" src=\"https:\/\/beautyboutique.ee\/wp-content\/uploads\/2026\/04\/bullet.svg\" alt=\"\" \/> Glycerophosphoinositol \u2014 reduces inflammation and itching<\/li>\n<li><img decoding=\"async\" style=\"width: 14px; height: 14px; margin-right: 8px; margin-top: 3px;\" src=\"https:\/\/beautyboutique.ee\/wp-content\/uploads\/2026\/04\/bullet.svg\" alt=\"\" \/> Aloe vera \u2014 has anti-inflammatory and moisturizing properties<\/li>\n<li><img decoding=\"async\" style=\"width: 14px; height: 14px; margin-right: 8px; margin-top: 3px;\" src=\"https:\/\/beautyboutique.ee\/wp-content\/uploads\/2026\/04\/bullet.svg\" alt=\"\" \/> Glycyrrhetinic acid \u2014 a well-known soothing and repairing agent<\/li>\n<\/ul>\n<h5>Kuidas kasutada<\/h5>\n<ul class=\"bb-bullet-list\">\n<li><img decoding=\"async\" style=\"width: 14px; height: 14px; margin-right: 8px; margin-top: 3px;\" src=\"https:\/\/beautyboutique.ee\/wp-content\/uploads\/2026\/04\/bullet.svg\" alt=\"\" \/> Shake well before use<\/li>\n<li><img decoding=\"async\" style=\"width: 14px; height: 14px; margin-right: 8px; margin-top: 3px;\" src=\"https:\/\/beautyboutique.ee\/wp-content\/uploads\/2026\/04\/bullet.svg\" alt=\"\" \/> Spray from 10\u201315 cm onto affected skin areas<\/li>\n<li><img decoding=\"async\" style=\"width: 14px; height: 14px; margin-right: 8px; margin-top: 3px;\" src=\"https:\/\/beautyboutique.ee\/wp-content\/uploads\/2026\/04\/bullet.svg\" alt=\"\" \/> No rubbing needed<\/li>\n<\/ul>\n<h5>Why choose ALOEZINC spray?<\/h5>\n<p>ALOEZINC spray combines the powerful soothing action of aloe vera with the protective properties of zinc oxide, quickly reducing redness and irritation while providing comfort and protection for sensitive skin.<\/p>\n<h5>K\u00f5ik koostisosad (INCI)<\/h5>\n<p>WATER, DIBUTYL ADIPATE, ZINC OXIDE, STEARIC ACID, GLYCERIN, DIMETHICONE, HYDROGENATED VEGETABLE OIL, TRIETHANOLAMINE, TOCOPHEROL, PROPANEDIOL, PHENETHYL ALCOHOL, CYCLOPENTASILOXANE, DIMETHICONOL, UNDECYL ALCOHOL, ALOE BARBADENSIS LEAF JUICE POWDER, GLYCYRRHETINIC ACID, LACTIC ACID, GLYCEROPHOSPHOINOSITOL LYSINE.<\/p>","protected":false},"excerpt":{"rendered":"<p>ALOEZINC rahustav pihusti 10% tsinkoksiidiga leevendab kiiresti naha punetust ja \u00e4rritust ilma h\u00f5\u00f5rumata. Sobib ideaalselt tundlikule ja reaktiivsele nahale, isegi raskesti ligip\u00e4\u00e4setavates piirkondades. L\u00f5hnavaba, parabeenivaba ja fenoks\u00fcetanoolivaba \u2013 sobib imikutele ja igap\u00e4evaseks hoolduseks.<\/p>","protected":false},"featured_media":1000662,"template":"","meta":[],"product_brand":[123],"product_cat":[70,40,75,84],"product_tag":[93],"class_list":{"0":"post-1000406","1":"product","2":"type-product","3":"status-publish","4":"has-post-thumbnail","6":"product_brand-canova","7":"product_cat-dermatitis-sensitive-skin","8":"product_cat-dermocosmetics","9":"product_cat-mens-care","10":"product_cat-recovery","11":"product_tag-daily-care","13":"first","14":"instock","15":"taxable","16":"shipping-taxable","17":"purchasable","18":"product-type-simple"},"_links":{"self":[{"href":"https:\/\/beautyboutique.ee\/et\/wp-json\/wp\/v2\/product\/1000406","targetHints":{"allow":["GET"]}}],"collection":[{"href":"https:\/\/beautyboutique.ee\/et\/wp-json\/wp\/v2\/product"}],"about":[{"href":"https:\/\/beautyboutique.ee\/et\/wp-json\/wp\/v2\/types\/product"}],"wp:featuredmedia":[{"embeddable":true,"href":"https:\/\/beautyboutique.ee\/et\/wp-json\/wp\/v2\/media\/1000662"}],"wp:attachment":[{"href":"https:\/\/beautyboutique.ee\/et\/wp-json\/wp\/v2\/media?parent=1000406"}],"wp:term":[{"taxonomy":"product_brand","embeddable":true,"href":"https:\/\/beautyboutique.ee\/et\/wp-json\/wp\/v2\/product_brand?post=1000406"},{"taxonomy":"product_cat","embeddable":true,"href":"https:\/\/beautyboutique.ee\/et\/wp-json\/wp\/v2\/product_cat?post=1000406"},{"taxonomy":"product_tag","embeddable":true,"href":"https:\/\/beautyboutique.ee\/et\/wp-json\/wp\/v2\/product_tag?post=1000406"}],"curies":[{"name":"wp","href":"https:\/\/api.w.org\/{rel}","templated":true}]}}