{"id":1000372,"date":"2026-04-28T02:59:35","date_gmt":"2026-04-28T02:59:35","guid":{"rendered":"https:\/\/beautyboutique.ee\/product\/aquapil-exfoliating-cleanser\/"},"modified":"2026-05-02T00:51:49","modified_gmt":"2026-05-02T00:51:49","slug":"aquapil-exfoliating-cleanser","status":"publish","type":"product","link":"https:\/\/beautyboutique.ee\/et\/product\/aquapil-exfoliating-cleanser\/","title":{"rendered":"AQUAPIL Kooriv puhastusgeel"},"content":{"rendered":"<h5>Gentle Daily Care for Oily and Acne-Prone Skin<\/h5>\n<p>AQUAPIL Cleanser on igap\u00e4evaseks kasutamiseks m\u00f5eldud geel, mis on v\u00e4lja t\u00f6\u00f6tatud rasusele ja probleemsele nahale. Jojoba mikrohelmed koorivad \u00f5rnalt surnud naharakke, puhastavad poore ja parandavad naha tekstuuri, ilma seda liigselt kuivatamata v\u00f5i \u00e4rritamata. Niisutavad ja rahustavad koostisosad aitavad s\u00e4ilitada mugavust ja naha tasakaalu p\u00e4rast iga pesukorda.<\/p>\n<h5>Key Active Ingredients and Benefits<\/h5>\n<ul class=\"bb-bullet-list\">\n<li> <img decoding=\"async\" src=\"https:\/\/beautyboutique.ee\/wp-content\/uploads\/2026\/04\/bullet.svg\" alt=\"\" style=\"width:14px;height:14px;margin-right:8px;margin-top:3px;\"> Sodium PCA (3%) \u2014 Deeply hydrates and supports the skin\u2019s moisture balance <\/li>\n<li> <img decoding=\"async\" src=\"https:\/\/beautyboutique.ee\/wp-content\/uploads\/2026\/04\/bullet.svg\" alt=\"\" style=\"width:14px;height:14px;margin-right:8px;margin-top:3px;\"> Jojoba microbeads (1%) \u2014 Gently remove impurities and dead skin without damaging the surface <\/li>\n<li> <img decoding=\"async\" src=\"https:\/\/beautyboutique.ee\/wp-content\/uploads\/2026\/04\/bullet.svg\" alt=\"\" style=\"width:14px;height:14px;margin-right:8px;margin-top:3px;\"> Allantoin (0.2%) \u2014 Calms irritation and promotes regeneration <\/li>\n<li> <img decoding=\"async\" src=\"https:\/\/beautyboutique.ee\/wp-content\/uploads\/2026\/04\/bullet.svg\" alt=\"\" style=\"width:14px;height:14px;margin-right:8px;margin-top:3px;\"> Aloe vera (0.5%) and Hamamelis extract (1%) \u2014 Reduce redness and soothe inflammation <\/li>\n<li> <img decoding=\"async\" src=\"https:\/\/beautyboutique.ee\/wp-content\/uploads\/2026\/04\/bullet.svg\" alt=\"\" style=\"width:14px;height:14px;margin-right:8px;margin-top:3px;\"> 18-\u03b2-Glycyrrhetinic acid (0.5%) \u2014 Provides anti-inflammatory and protective effects <\/li>\n<\/ul>\n<h5>Kasu<\/h5>\n<ul class=\"bb-bullet-list\">\n<li> <img decoding=\"async\" src=\"https:\/\/beautyboutique.ee\/wp-content\/uploads\/2026\/04\/bullet.svg\" alt=\"\" style=\"width:14px;height:14px;margin-right:8px;margin-top:3px;\"> Deep yet gentle cleansing without tightness <\/li>\n<li> <img decoding=\"async\" src=\"https:\/\/beautyboutique.ee\/wp-content\/uploads\/2026\/04\/bullet.svg\" alt=\"\" style=\"width:14px;height:14px;margin-right:8px;margin-top:3px;\"> Refines skin texture and minimizes pores <\/li>\n<li> <img decoding=\"async\" src=\"https:\/\/beautyboutique.ee\/wp-content\/uploads\/2026\/04\/bullet.svg\" alt=\"\" style=\"width:14px;height:14px;margin-right:8px;margin-top:3px;\"> Maintains hydration and comfort <\/li>\n<li> <img decoding=\"async\" src=\"https:\/\/beautyboutique.ee\/wp-content\/uploads\/2026\/04\/bullet.svg\" alt=\"\" style=\"width:14px;height:14px;margin-right:8px;margin-top:3px;\"> Suitable for daily use <\/li>\n<li> <img decoding=\"async\" src=\"https:\/\/beautyboutique.ee\/wp-content\/uploads\/2026\/04\/bullet.svg\" alt=\"\" style=\"width:14px;height:14px;margin-right:8px;margin-top:3px;\"> Paraben-free <\/li>\n<\/ul>\n<h5>Kuidas kasutada<\/h5>\n<ul class=\"bb-bullet-list\">\n<li> <img decoding=\"async\" src=\"https:\/\/beautyboutique.ee\/wp-content\/uploads\/2026\/04\/bullet.svg\" alt=\"\" style=\"width:14px;height:14px;margin-right:8px;margin-top:3px;\"> Apply to damp facial skin <\/li>\n<li> <img decoding=\"async\" src=\"https:\/\/beautyboutique.ee\/wp-content\/uploads\/2026\/04\/bullet.svg\" alt=\"\" style=\"width:14px;height:14px;margin-right:8px;margin-top:3px;\"> Massage gently in circular motions until lather forms <\/li>\n<li> <img decoding=\"async\" src=\"https:\/\/beautyboutique.ee\/wp-content\/uploads\/2026\/04\/bullet.svg\" alt=\"\" style=\"width:14px;height:14px;margin-right:8px;margin-top:3px;\"> Rinse thoroughly with warm water <\/li>\n<li> <img decoding=\"async\" src=\"https:\/\/beautyboutique.ee\/wp-content\/uploads\/2026\/04\/bullet.svg\" alt=\"\" style=\"width:14px;height:14px;margin-right:8px;margin-top:3px;\"> Use morning and evening <\/li>\n<\/ul>\n<h5>T\u00e4ielikud koostisosad (INCI)<\/h5>\n<p> AQUA (WATER), GLYCERIN, TRIETHANOLAMINE, CARBOMER, UREA, SODIUM LAUROYL GLUTAMATE, HAMAMELIS VIRGINIANA LEAF WATER, JOJOBA ESTERS, POTASSIUM SORBATE, IMIDAZOLIDINYL UREA, SODIUM PCA, ALLANTOIN, GLUTAMIC ACID, PROPYLENE GLYCOL, PARFUM (FRAGRANCE), SODIUM CHLORIDE, LAURIC ACID, DISODIUM EDTA, ALOE BARBADENSIS LEAF JUICE, PHENOXYETHANOL, BUTYLPHENYL METHYLPROPIONAL, STEARYL GLYCYRRHETINATE, ULTRAMARINES, ETHYLHEXYLGLYCERIN, TETRASODIUM GLUTAMATE DIACETATE, CI 42090 (BLUE 1), CITRIC ACID, SODIUM BENZOATE, SODIUM SULFITE. <\/p>","protected":false},"excerpt":{"rendered":"<p>AQUAPIL Cleanser on igap\u00e4evaseks kasutamiseks m\u00f5eldud geel, mis on v\u00e4lja t\u00f6\u00f6tatud rasusele ja probleemsele nahale. Jojoba mikrohelmed koorivad \u00f5rnalt surnud naharakke, puhastavad poore ja parandavad naha tekstuuri, ilma seda liigselt kuivatamata v\u00f5i \u00e4rritamata. Niisutavad ja rahustavad koostisosad aitavad s\u00e4ilitada mugavust ja naha tasakaalu p\u00e4rast iga pesukorda.<\/p>\n<p><\/p>\n<p><\/p>","protected":false},"featured_media":1000638,"template":"","meta":[],"product_brand":[123],"product_cat":[66,65,40,75],"product_tag":[85,87,92],"class_list":{"0":"post-1000372","1":"product","2":"type-product","3":"status-publish","4":"has-post-thumbnail","6":"product_brand-canova","7":"product_cat-acne","8":"product_cat-daily-care","9":"product_cat-dermocosmetics","10":"product_cat-mens-care","11":"product_tag-cleansing-gel","12":"product_tag-for-men","13":"product_tag-teens","15":"first","16":"instock","17":"taxable","18":"shipping-taxable","19":"purchasable","20":"product-type-simple"},"_links":{"self":[{"href":"https:\/\/beautyboutique.ee\/et\/wp-json\/wp\/v2\/product\/1000372","targetHints":{"allow":["GET"]}}],"collection":[{"href":"https:\/\/beautyboutique.ee\/et\/wp-json\/wp\/v2\/product"}],"about":[{"href":"https:\/\/beautyboutique.ee\/et\/wp-json\/wp\/v2\/types\/product"}],"wp:featuredmedia":[{"embeddable":true,"href":"https:\/\/beautyboutique.ee\/et\/wp-json\/wp\/v2\/media\/1000638"}],"wp:attachment":[{"href":"https:\/\/beautyboutique.ee\/et\/wp-json\/wp\/v2\/media?parent=1000372"}],"wp:term":[{"taxonomy":"product_brand","embeddable":true,"href":"https:\/\/beautyboutique.ee\/et\/wp-json\/wp\/v2\/product_brand?post=1000372"},{"taxonomy":"product_cat","embeddable":true,"href":"https:\/\/beautyboutique.ee\/et\/wp-json\/wp\/v2\/product_cat?post=1000372"},{"taxonomy":"product_tag","embeddable":true,"href":"https:\/\/beautyboutique.ee\/et\/wp-json\/wp\/v2\/product_tag?post=1000372"}],"curies":[{"name":"wp","href":"https:\/\/api.w.org\/{rel}","templated":true}]}}