{"id":1000828,"date":"2026-05-02T03:20:25","date_gmt":"2026-05-02T03:20:25","guid":{"rendered":"https:\/\/beautyboutique.ee\/?page_id=1000828"},"modified":"2026-05-06T01:24:16","modified_gmt":"2026-05-06T01:24:16","slug":"meist","status":"publish","type":"page","link":"https:\/\/beautyboutique.ee\/et\/about-us\/","title":{"rendered":"Meist"},"content":{"rendered":"<div data-elementor-type=\"wp-page\" data-elementor-id=\"1000828\" class=\"elementor elementor-1000828\">\n\t\t\t\t<div class=\"elementor-element elementor-element-40b14d3 e-flex e-con-boxed glozin-responsive-column glozin-tablet-column--default glozin-responsive-column glozin-mobile-column--default glozin-responsive-column glozin-motion--var(--position) e-con e-parent\" data-id=\"40b14d3\" data-element_type=\"container\" data-e-type=\"container\">\n\t\t\t\t\t<div class=\"e-con-inner\">\n\t\t\t\t<div class=\"elementor-element elementor-element-65edc93 elementor-widget elementor-widget-glozin-heading\" data-id=\"65edc93\" data-element_type=\"widget\" data-e-type=\"widget\" data-widget_type=\"glozin-heading.default\">\n\t\t\t\t<div class=\"elementor-widget-container\">\n\t\t\t\t\t\t\t<div class=\"glozin-heading-elementor\">\n\t\t\t\t<h6 class=\"glozin-heading d-flex align-items-center my-0 glozin-heading--default\">\n\t\t\t\t\tItaalia dermokosmeetika, mis annab t\u00f5elisi tulemusi\t\t\t\t<\/h6>\n\t\t\t<\/div>\n\t\t\t\t\t\t<\/div>\n\t\t\t\t<\/div>\n\t\t\t\t<div class=\"elementor-element elementor-element-8e7e4d4 elementor-widget elementor-widget-glozin-heading\" data-id=\"8e7e4d4\" data-element_type=\"widget\" data-e-type=\"widget\" data-widget_type=\"glozin-heading.default\">\n\t\t\t\t<div class=\"elementor-widget-container\">\n\t\t\t\t\t\t\t<div class=\"glozin-heading-elementor\">\n\t\t\t\t<h2 class=\"glozin-heading d-flex align-items-center my-0 glozin-heading--default\">\n\t\t\t\t\tCanova ilusalongis\t\t\t\t<\/h2>\n\t\t\t<\/div>\n\t\t\t\t\t\t<\/div>\n\t\t\t\t<\/div>\n\t\t\t\t<div class=\"elementor-element elementor-element-91127cf elementor-widget elementor-widget-glozin-heading\" data-id=\"91127cf\" data-element_type=\"widget\" data-e-type=\"widget\" data-widget_type=\"glozin-heading.default\">\n\t\t\t\t<div class=\"elementor-widget-container\">\n\t\t\t\t\t\t\t<div class=\"glozin-heading-elementor\">\n\t\t\t\t<div class=\"glozin-heading d-flex align-items-center my-0 glozin-heading--default\">\n\t\t\t\t\tCanova esindab professionaalset nahahooldust, mis p\u00f5hineb teaduslikel uuringutel ja kliiniliselt t\u00f5estatud tulemustel.\n<br class=\"d-none d-block-md\" \/>\nIga valem on loodud t\u00e4pselt ja kohandatud P\u00f5hja-Euroopa nahale, kus kiire temperatuurimuutus, tuul ja kuiv siseruumide \u00f5hk n\u00f5uavad t\u00e4iendavat kaitset ja tuge. Canova taastab tasakaalu, tugevdab nahabarj\u00e4\u00e4ri ja pakub p\u00fcsivat mugavust.\n\t\t\t\t<\/div>\n\t\t\t<\/div>\n\t\t\t\t\t\t<\/div>\n\t\t\t\t<\/div>\n\t\t\t\t\t<\/div>\n\t\t\t\t<\/div>\n\t\t<div class=\"elementor-element elementor-element-dd31c61 e-flex e-con-boxed glozin-responsive-column glozin-tablet-column--default glozin-responsive-column glozin-mobile-column--default glozin-responsive-column glozin-motion--var(--position) e-con e-parent\" data-id=\"dd31c61\" data-element_type=\"container\" data-e-type=\"container\">\n\t\t\t\t\t<div class=\"e-con-inner\">\n\t\t\t\t<div class=\"elementor-element elementor-element-0cedf5a navigation-class--tabletdots navigation-class-dots glozin-smart-rtl-banner navigation-class--mobiledots elementor-widget elementor-widget-glozin-slides\" data-id=\"0cedf5a\" data-element_type=\"widget\" data-e-type=\"widget\" data-settings=\"{&quot;effect&quot;:&quot;slide&quot;,&quot;slides_to_show&quot;:1,&quot;slides_to_scroll&quot;:1,&quot;image_spacing_custom&quot;:30,&quot;navigation&quot;:&quot;both&quot;,&quot;speed&quot;:800}\" data-widget_type=\"glozin-slides.default\">\n\t\t\t\t<div class=\"elementor-widget-container\">\n\t\t\t\t\t\t\t<div class=\"glozin-slides-elementor glozin-carousel--elementor gz-image-rounded swiper\" style=\"--gz-ratio-percent: 31%;--gz-ratio-percent-mobile: 100%;\">\n\t\t\t<div class=\"glozin-slides-elementor__inner swiper-wrapper\">\n\t\t\t\t\t\t\t\t<div class=\"elementor-repeater-item-2c33a2b glozin-slides-elementor__item swiper-slide gz-ratio gz-ratio-mobile swiper-slide-active\">\n\t\t\t\t\t\t<div class=\"glozin-slide__image align-self-stretch position-absolute w-100 h-100 z-1\">\n\t\t\t\t\t\t\t<div class=\"gz-responsive-image w-100 gz-responsive-image__desktop hidden-mobile\"><img fetchpriority=\"high\" decoding=\"async\" width=\"2000\" height=\"620\" src=\"https:\/\/beautyboutique.ee\/wp-content\/uploads\/2026\/05\/mid_et.webp\" class=\"attachment-full size-full\" alt=\"\" loading=\"eager\" srcset=\"https:\/\/beautyboutique.ee\/wp-content\/uploads\/2026\/05\/mid_et.webp 2000w, https:\/\/beautyboutique.ee\/wp-content\/uploads\/2026\/05\/mid_et-300x93.webp 300w, https:\/\/beautyboutique.ee\/wp-content\/uploads\/2026\/05\/mid_et-1024x317.webp 1024w, https:\/\/beautyboutique.ee\/wp-content\/uploads\/2026\/05\/mid_et-768x238.webp 768w, https:\/\/beautyboutique.ee\/wp-content\/uploads\/2026\/05\/mid_et-1536x476.webp 1536w, https:\/\/beautyboutique.ee\/wp-content\/uploads\/2026\/05\/mid_et-18x6.webp 18w, https:\/\/beautyboutique.ee\/wp-content\/uploads\/2026\/05\/mid_et-600x186.webp 600w, https:\/\/beautyboutique.ee\/wp-content\/uploads\/2026\/05\/mid_et-130x40.webp 130w\" sizes=\"(max-width: 2000px) 100vw, 2000px\" \/><\/div><span class=\"gz-responsive-image gz-responsive-image__mobile hidden-desktop hidden-tablet\"><img loading=\"lazy\" decoding=\"async\" width=\"1000\" height=\"1000\" src=\"https:\/\/beautyboutique.ee\/wp-content\/uploads\/2026\/04\/mid_et_mob.webp\" class=\"attachment-full size-full\" alt=\"\" srcset=\"\" sizes=\"auto, (max-width: 1000px) 100vw, 1000px\" data-srcset=\"\" \/><\/span>\t\t\t\t\t\t<\/div>\n\t\t\t\t\t\t<div class=\"glozin-slide container-xxl d-flex w-100\">\n\t\t\t\t\t\t\t<a href=\"https:\/\/beautyboutique.ee\/et\/tootekategooria\/akne\/\" class=\"glozin-slide__button--all position-absolute\"><span class=\"screen-reader-text\"><\/span><\/a>\t\t\t\t\t\t\t<div class=\"glozin-slide__content\">\n\t\t\t\t\t\t\t\t\n\t\t\t\t\t\t\t\t\n\t\t\t\t\t\t\t\t\n\t\t\t\t\t\t\t\t\n\t\t\t\t\t\t\t\t\t\t\t\t\t\t\t<\/div>\n\t\t\t\t\t\t<\/div>\n\t\t\t\t\t<\/div>\n\t\t\t\t\t\t\t<\/div>\n\t\t\t<div class=\"swiper-arrows\">\n\t\t\t\t<span class=\"glozin-svg-icon glozin-svg-icon--left-mini elementor-swiper-button-prev swiper-button-prev swiper-button\" ><svg aria-hidden=\"true\" role=\"img\" focusable=\"false\" width=\"7\" height=\"11\" viewbox=\"0 0 7 11\" fill=\"currentColor\" xmlns=\"http:\/\/www.w3.org\/2000\/svg\"><path d=\"M5.5 11L0 5.5L5.5 0L6.47625 0.97625L1.9525 5.5L6.47625 10.0238L5.5 11Z\" fill=\"currentColor\"\/><\/svg><\/span><span class=\"glozin-svg-icon glozin-svg-icon--right-mini elementor-swiper-button-next swiper-button-next swiper-button\" ><svg aria-hidden=\"true\" role=\"img\" focusable=\"false\" width=\"7\" height=\"11\" viewbox=\"0 0 7 11\" fill=\"currentColor\" xmlns=\"http:\/\/www.w3.org\/2000\/svg\"><path d=\"M1.5 11L7 5.5L1.5 0L0.52375 0.97625L5.0475 5.5L0.52375 10.0238L1.5 11Z\" fill=\"currentColor\"\/><\/svg><\/span>\t\t\t<\/div>\n\t\t\t<div class=\"swiper-pagination  container-xxl\"><\/div>\t\t<\/div>\n\t\t\t\t\t<\/div>\n\t\t\t\t<\/div>\n\t\t\t\t\t<\/div>\n\t\t\t\t<\/div>\n\t\t<div class=\"elementor-element elementor-element-f76ab88 e-flex e-con-boxed glozin-responsive-column glozin-tablet-column--default glozin-responsive-column glozin-mobile-column--default glozin-responsive-column glozin-motion--var(--position) e-con e-parent\" data-id=\"f76ab88\" data-element_type=\"container\" data-e-type=\"container\">\n\t\t\t\t\t<div class=\"e-con-inner\">\n\t\t<div class=\"elementor-element elementor-element-9efc77d e-con-full e-flex glozin-responsive-column glozin-tablet-column--default glozin-responsive-column glozin-mobile-column--default glozin-responsive-column glozin-motion--var(--position) e-con e-child\" data-id=\"9efc77d\" data-element_type=\"container\" data-e-type=\"container\">\n\t\t\t\t<div class=\"elementor-element elementor-element-142ae32 elementor-widget elementor-widget-image\" data-id=\"142ae32\" data-element_type=\"widget\" data-e-type=\"widget\" data-widget_type=\"image.default\">\n\t\t\t\t\t\t\t\t\t\t\t\t\t\t\t<img decoding=\"async\" width=\"520\" height=\"365\" src=\"https:\/\/beautyboutique.ee\/wp-content\/uploads\/2026\/05\/canova_logo.webp\" class=\"attachment-full size-full wp-image-1000905\" alt=\"\" srcset=\"https:\/\/beautyboutique.ee\/wp-content\/uploads\/2026\/05\/canova_logo.webp 520w, https:\/\/beautyboutique.ee\/wp-content\/uploads\/2026\/05\/canova_logo-300x211.webp 300w, https:\/\/beautyboutique.ee\/wp-content\/uploads\/2026\/05\/canova_logo-130x91.webp 130w\" sizes=\"(max-width: 520px) 100vw, 520px\" \/>\t\t\t\t\t\t\t\t\t\t\t\t\t\t\t<\/div>\n\t\t\t\t<\/div>\n\t\t<div class=\"elementor-element elementor-element-1f50596 e-con-full e-flex glozin-responsive-column glozin-tablet-column--default glozin-responsive-column glozin-mobile-column--default glozin-responsive-column glozin-motion--var(--position) e-con e-child\" data-id=\"1f50596\" data-element_type=\"container\" data-e-type=\"container\">\n\t\t\t\t<div class=\"elementor-element elementor-element-ac0a734 elementor-widget elementor-widget-glozin-heading\" data-id=\"ac0a734\" data-element_type=\"widget\" data-e-type=\"widget\" data-widget_type=\"glozin-heading.default\">\n\t\t\t\t<div class=\"elementor-widget-container\">\n\t\t\t\t\t\t\t<div class=\"glozin-heading-elementor\">\n\t\t\t\t<h6 class=\"glozin-heading d-flex align-items-center my-0 glozin-heading--default\">\n\t\t\t\t\tProfessionaalne nahahooldus\t\t\t\t<\/h6>\n\t\t\t<\/div>\n\t\t\t\t\t\t<\/div>\n\t\t\t\t<\/div>\n\t\t\t\t<div class=\"elementor-element elementor-element-ca2ab37 elementor-widget elementor-widget-glozin-heading\" data-id=\"ca2ab37\" data-element_type=\"widget\" data-e-type=\"widget\" data-widget_type=\"glozin-heading.default\">\n\t\t\t\t<div class=\"elementor-widget-container\">\n\t\t\t\t\t\t\t<div class=\"glozin-heading-elementor\">\n\t\t\t\t<h2 class=\"glozin-heading d-flex align-items-center my-0 glozin-heading--default\">\n\t\t\t\t\tCanova filosoofia\t\t\t\t<\/h2>\n\t\t\t<\/div>\n\t\t\t\t\t\t<\/div>\n\t\t\t\t<\/div>\n\t\t\t\t<div class=\"elementor-element elementor-element-eebc379 elementor-widget elementor-widget-glozin-heading\" data-id=\"eebc379\" data-element_type=\"widget\" data-e-type=\"widget\" data-widget_type=\"glozin-heading.default\">\n\t\t\t\t<div class=\"elementor-widget-container\">\n\t\t\t\t\t\t\t<div class=\"glozin-heading-elementor\">\n\t\t\t\t<div class=\"glozin-heading d-flex align-items-center my-0 glozin-heading--default\">\n\t\t\t\t\tCanova \u00fchendab farmatseutilise teadmise, teadusliku ranguse ja p\u00fchendumuse naha loomuliku ilu taastamisele.\nIga toode on v\u00e4lja t\u00f6\u00f6tatud koost\u00f6\u00f6s dermatoloogidega ja disainitud tagama maksimaalse t\u00f5hususe minimaalse \u00e4rritusega.\nBr\u00e4nd toetab nahka igas vanuses \u2013 alates \u00f5rnast noorest nahast kuni k\u00fcpse jume, mis vajab sihip\u00e4rast hooldust.\nCanova tooted sobivad igap\u00e4evaseks kasutamiseks ja ka protseduuridej\u00e4rgseks taastumiseks, tagades mugavuse, ohutuse ja n\u00e4htava paranemise.\t\t\t\t<\/div>\n\t\t\t<\/div>\n\t\t\t\t\t\t<\/div>\n\t\t\t\t<\/div>\n\t\t\t\t<\/div>\n\t\t\t\t\t<\/div>\n\t\t\t\t<\/div>\n\t\t<div class=\"elementor-element elementor-element-2f6f74b e-flex e-con-boxed glozin-responsive-column glozin-tablet-column--default glozin-responsive-column glozin-mobile-column--default glozin-responsive-column glozin-motion--var(--position) e-con e-parent\" data-id=\"2f6f74b\" data-element_type=\"container\" data-e-type=\"container\">\n\t\t\t\t\t<div class=\"e-con-inner\">\n\t\t<div class=\"elementor-element elementor-element-409d81f e-con-full e-flex glozin-responsive-column glozin-tablet-column--default glozin-responsive-column glozin-mobile-column--default glozin-responsive-column glozin-motion--var(--position) e-con e-child\" data-id=\"409d81f\" data-element_type=\"container\" data-e-type=\"container\">\n\t\t\t\t<div class=\"elementor-element elementor-element-88cd6f0 elementor-widget elementor-widget-glozin-heading\" data-id=\"88cd6f0\" data-element_type=\"widget\" data-e-type=\"widget\" data-widget_type=\"glozin-heading.default\">\n\t\t\t\t<div class=\"elementor-widget-container\">\n\t\t\t\t\t\t\t<div class=\"glozin-heading-elementor\">\n\t\t\t\t<h6 class=\"glozin-heading d-flex align-items-center my-0 glozin-heading--default\">\n\t\t\t\t\tKosmeetika GMP\t\t\t\t<\/h6>\n\t\t\t<\/div>\n\t\t\t\t\t\t<\/div>\n\t\t\t\t<\/div>\n\t\t\t\t<div class=\"elementor-element elementor-element-abfa955 elementor-widget elementor-widget-glozin-heading\" data-id=\"abfa955\" data-element_type=\"widget\" data-e-type=\"widget\" data-widget_type=\"glozin-heading.default\">\n\t\t\t\t<div class=\"elementor-widget-container\">\n\t\t\t\t\t\t\t<div class=\"glozin-heading-elementor\">\n\t\t\t\t<h2 class=\"glozin-heading d-flex align-items-center my-0 glozin-heading--default\">\n\t\t\t\t\tISO 22716:2007 sertifikaat\t\t\t\t<\/h2>\n\t\t\t<\/div>\n\t\t\t\t\t\t<\/div>\n\t\t\t\t<\/div>\n\t\t\t\t<div class=\"elementor-element elementor-element-bd78115 elementor-widget elementor-widget-glozin-heading\" data-id=\"bd78115\" data-element_type=\"widget\" data-e-type=\"widget\" data-widget_type=\"glozin-heading.default\">\n\t\t\t\t<div class=\"elementor-widget-container\">\n\t\t\t\t\t\t\t<div class=\"glozin-heading-elementor\">\n\t\t\t\t<div class=\"glozin-heading d-flex align-items-center my-0 glozin-heading--default\">\n\t\t\t\t\tMeie tooted valmistatakse partneri SIFARMA S.p.A. ISO 22716:2007 sertifitseeritud tootmis\u00fcksustes, vastavalt kosmeetikatoodete heade tootmistavade standardile. Sertifikaadi v\u00e4ljastab CERTIQUALITY ja akrediteerinud on ACCREDIA. Sertifikaat kehtib kuni 09.10.2027.\t\t\t\t<\/div>\n\t\t\t<\/div>\n\t\t\t\t\t\t<\/div>\n\t\t\t\t<\/div>\n\t\t\t\t<\/div>\n\t\t<div class=\"elementor-element elementor-element-cf55778 e-con-full e-flex glozin-responsive-column glozin-tablet-column--default glozin-responsive-column glozin-mobile-column--default glozin-responsive-column glozin-motion--var(--position) e-con e-child\" data-id=\"cf55778\" data-element_type=\"container\" data-e-type=\"container\">\n\t\t\t\t<div class=\"elementor-element elementor-element-05770e0 elementor-widget elementor-widget-image\" data-id=\"05770e0\" data-element_type=\"widget\" data-e-type=\"widget\" data-widget_type=\"image.default\">\n\t\t\t\t\t\t\t\t\t\t\t\t\t\t\t<img decoding=\"async\" width=\"686\" height=\"805\" src=\"https:\/\/beautyboutique.ee\/wp-content\/uploads\/2026\/05\/cqy.webp\" class=\"attachment-full size-full wp-image-1000885\" alt=\"\" srcset=\"https:\/\/beautyboutique.ee\/wp-content\/uploads\/2026\/05\/cqy.webp 686w, https:\/\/beautyboutique.ee\/wp-content\/uploads\/2026\/05\/cqy-256x300.webp 256w, https:\/\/beautyboutique.ee\/wp-content\/uploads\/2026\/05\/cqy-600x704.webp 600w, https:\/\/beautyboutique.ee\/wp-content\/uploads\/2026\/05\/cqy-130x153.webp 130w\" sizes=\"(max-width: 686px) 100vw, 686px\" \/>\t\t\t\t\t\t\t\t\t\t\t\t\t\t\t<\/div>\n\t\t\t\t<\/div>\n\t\t\t\t\t<\/div>\n\t\t\t\t<\/div>\n\t\t\t\t<\/div>","protected":false},"excerpt":{"rendered":"<p>Italian Dermocosmetics That Truly Deliver Results Canova at Beauty Boutique Canova represents professional skincare grounded in scientific research and clinically proven results. Every formula is created with precision and adapted to Northern European skin, where rapid temperature shifts, wind, and dry indoor air demand extra protection and support. Canova restores balance, strengthens the skin barrier, [&hellip;]<\/p>\n","protected":false},"author":1,"featured_media":0,"parent":0,"menu_order":0,"comment_status":"closed","ping_status":"closed","template":"","meta":{"footnotes":""},"class_list":["post-1000828","page","type-page","status-publish","hentry"],"_links":{"self":[{"href":"https:\/\/beautyboutique.ee\/et\/wp-json\/wp\/v2\/pages\/1000828","targetHints":{"allow":["GET"]}}],"collection":[{"href":"https:\/\/beautyboutique.ee\/et\/wp-json\/wp\/v2\/pages"}],"about":[{"href":"https:\/\/beautyboutique.ee\/et\/wp-json\/wp\/v2\/types\/page"}],"author":[{"embeddable":true,"href":"https:\/\/beautyboutique.ee\/et\/wp-json\/wp\/v2\/users\/1"}],"replies":[{"embeddable":true,"href":"https:\/\/beautyboutique.ee\/et\/wp-json\/wp\/v2\/comments?post=1000828"}],"version-history":[{"count":5,"href":"https:\/\/beautyboutique.ee\/et\/wp-json\/wp\/v2\/pages\/1000828\/revisions"}],"predecessor-version":[{"id":1001046,"href":"https:\/\/beautyboutique.ee\/et\/wp-json\/wp\/v2\/pages\/1000828\/revisions\/1001046"}],"wp:attachment":[{"href":"https:\/\/beautyboutique.ee\/et\/wp-json\/wp\/v2\/media?parent=1000828"}],"curies":[{"name":"wp","href":"https:\/\/api.w.org\/{rel}","templated":true}]}}